{"id":13,"date":"2018-08-13T20:19:07","date_gmt":"2018-08-13T20:19:07","guid":{"rendered":"http:\/\/www.next9.hu\/?page_id=13"},"modified":"2023-11-23T14:48:06","modified_gmt":"2023-11-23T13:48:06","slug":"team","status":"publish","type":"page","link":"https:\/\/www.next9.hu\/en\/team\/","title":{"rendered":"Team"},"content":{"rendered":"<div id=\"team_members\"><div class=\"teammember-list col- col-sm-12 col-md-4 col-lg-3\"><div class=\"thumnailbx\"><img width=\"833\" height=\"1250\" src=\"https:\/\/www.next9.hu\/wp-content\/uploads\/2020\/08\/Hives-Bea.jpg\" class=\"attachment-post-thumbnail size-post-thumbnail wp-post-image\" alt=\"\" decoding=\"async\" loading=\"lazy\" srcset=\"https:\/\/www.next9.hu\/wp-content\/uploads\/2020\/08\/Hives-Bea.jpg 833w, https:\/\/www.next9.hu\/wp-content\/uploads\/2020\/08\/Hives-Bea-200x300.jpg 200w, https:\/\/www.next9.hu\/wp-content\/uploads\/2020\/08\/Hives-Bea-682x1024.jpg 682w, https:\/\/www.next9.hu\/wp-content\/uploads\/2020\/08\/Hives-Bea-768x1152.jpg 768w\" sizes=\"(max-width: 833px) 100vw, 833px\" \/><\/div><div class=\"titledesbox\"><div class=\"member-social-icon\"><a href=\"https:\/\/www.linkedin.com\/in\/beata-h%C3%ADves-b5028429\/\" target=\"_blank\"><i class=\"fab fa-linkedin fa-lg\"><\/i><\/a><\/div><h3 class=\"title\">H\u00edves Be\u00e1ta<\/h3><cite>Founder-Managing Director<\/cite><\/div><\/div><div class=\"teammember-list col- col-sm-12 col-md-4 col-lg-3 lastcols\"><div class=\"thumnailbx\"><img width=\"833\" height=\"1250\" src=\"https:\/\/www.next9.hu\/wp-content\/uploads\/2020\/08\/Gyo\u030bri-Kriszta.jpg\" class=\"attachment-post-thumbnail size-post-thumbnail wp-post-image\" alt=\"\" decoding=\"async\" loading=\"lazy\" srcset=\"https:\/\/www.next9.hu\/wp-content\/uploads\/2020\/08\/Gyo\u030bri-Kriszta.jpg 833w, https:\/\/www.next9.hu\/wp-content\/uploads\/2020\/08\/Gyo\u030bri-Kriszta-200x300.jpg 200w, https:\/\/www.next9.hu\/wp-content\/uploads\/2020\/08\/Gyo\u030bri-Kriszta-682x1024.jpg 682w, https:\/\/www.next9.hu\/wp-content\/uploads\/2020\/08\/Gyo\u030bri-Kriszta-768x1152.jpg 768w\" sizes=\"(max-width: 833px) 100vw, 833px\" \/><\/div><div class=\"titledesbox\"><div class=\"member-social-icon\"><a href=\"https:\/\/www.linkedin.com\/in\/krisztina-gy\u0151ri-74213945\/\" target=\"_blank\"><i class=\"fab fa-linkedin fa-lg\"><\/i><\/a><\/div><h3 class=\"title\">Gy\u0151ri Krisztina<\/h3><cite>Founder-Managing Director<\/cite><\/div><\/div><div class=\"clear\"><\/div><\/div>\n","protected":false},"excerpt":{"rendered":"","protected":false},"author":1,"featured_media":0,"parent":0,"menu_order":0,"comment_status":"closed","ping_status":"closed","template":"template-parts\/template-no-sidebar.php","meta":{"ngg_post_thumbnail":0},"yoast_head":"<!-- This site is optimized with the Yoast SEO plugin v15.8 - https:\/\/yoast.com\/wordpress\/plugins\/seo\/ -->\n<title>Team - Next9 Communications<\/title>\n<meta name=\"description\" content=\"(Magyar) A kommunik\u00e1ci\u00f3s szakma elismert szak\u00e9rt\u0151i, a marketing \u00e9s PR kommunik\u00e1ci\u00f3 ter\u00fclet\u00e9n \u00e9vek \u00f3ta jelen l\u00e9v\u0151 kreat\u00edv alkot\u00f3k.\" \/>\n<meta name=\"robots\" content=\"index, follow, max-snippet:-1, max-image-preview:large, max-video-preview:-1\" \/>\n<link rel=\"canonical\" href=\"https:\/\/www.next9.hu\/team\/\" \/>\n<meta property=\"og:locale\" content=\"en_US\" \/>\n<meta property=\"og:type\" content=\"article\" \/>\n<meta property=\"og:title\" content=\"Team - Next9 Communications\" \/>\n<meta property=\"og:description\" content=\"{:hu}A kommunik\u00e1ci\u00f3s szakma elismert szak\u00e9rt\u0151i, a marketing \u00e9s PR kommunik\u00e1ci\u00f3 ter\u00fclet\u00e9n \u00e9vek \u00f3ta jelen l\u00e9v\u0151 kreat\u00edv alkot\u00f3k. {:}\" \/>\n<meta property=\"og:url\" content=\"https:\/\/www.next9.hu\/team\/\" \/>\n<meta property=\"og:site_name\" content=\"Next9 Communications\" \/>\n<meta property=\"article:modified_time\" content=\"2023-11-23T13:48:06+00:00\" \/>\n<meta name=\"twitter:card\" content=\"summary_large_image\" \/>\n<meta name=\"twitter:label1\" content=\"Est. reading time\">\n\t<meta name=\"twitter:data1\" content=\"1 minute\">\n<script type=\"application\/ld+json\" class=\"yoast-schema-graph\">{\"@context\":\"https:\/\/schema.org\",\"@graph\":[{\"@type\":\"WebSite\",\"@id\":\"https:\/\/www.next9.hu\/#website\",\"url\":\"https:\/\/www.next9.hu\/\",\"name\":\"Next9 Communications\",\"description\":\"A Next9 kommunik\\u00e1ci\\u00f3s, PR, content \\u00e9s branding \\u00fcgyn\\u00f6ks\\u00e9g, egy think-tank.   Egy alkot\\u00f3, kreat\\u00edv m\\u0171hely, ahol olyan \\u00f6tletek sz\\u00fcletnek, amelyek a XXI. sz\\u00e1zad kih\\u00edv\\u00e1sait figyelembe v\\u00e9ve v\\u00e1ltoztatj\\u00e1k meg a fogyaszt\\u00f3k, partnerek, munk\\u00e1ltat\\u00f3k \\u00e9s munkav\\u00e1llal\\u00f3k szok\\u00e1sait.\",\"potentialAction\":[{\"@type\":\"SearchAction\",\"target\":\"https:\/\/www.next9.hu\/?s={search_term_string}\",\"query-input\":\"required name=search_term_string\"}],\"inLanguage\":\"en-US\"},{\"@type\":\"WebPage\",\"@id\":\"https:\/\/www.next9.hu\/team\/#webpage\",\"url\":\"https:\/\/www.next9.hu\/team\/\",\"name\":\"Team - Next9 Communications\",\"isPartOf\":{\"@id\":\"https:\/\/www.next9.hu\/#website\"},\"datePublished\":\"2018-08-13T20:19:07+00:00\",\"dateModified\":\"2023-11-23T13:48:06+00:00\",\"description\":\"{:hu}A kommunik\\u00e1ci\\u00f3s szakma elismert szak\\u00e9rt\\u0151i, a marketing \\u00e9s PR kommunik\\u00e1ci\\u00f3 ter\\u00fclet\\u00e9n \\u00e9vek \\u00f3ta jelen l\\u00e9v\\u0151 kreat\\u00edv alkot\\u00f3k. {:}\",\"breadcrumb\":{\"@id\":\"https:\/\/www.next9.hu\/team\/#breadcrumb\"},\"inLanguage\":\"en-US\",\"potentialAction\":[{\"@type\":\"ReadAction\",\"target\":[\"https:\/\/www.next9.hu\/team\/\"]}]},{\"@type\":\"BreadcrumbList\",\"@id\":\"https:\/\/www.next9.hu\/team\/#breadcrumb\",\"itemListElement\":[{\"@type\":\"ListItem\",\"position\":1,\"item\":{\"@type\":\"WebPage\",\"@id\":\"https:\/\/www.next9.hu\/\",\"url\":\"https:\/\/www.next9.hu\/\",\"name\":\"Kezd\\u0151lap\"}},{\"@type\":\"ListItem\",\"position\":2,\"item\":{\"@type\":\"WebPage\",\"@id\":\"https:\/\/www.next9.hu\/team\/\",\"url\":\"https:\/\/www.next9.hu\/team\/\",\"name\":\"Csapatunk\"}}]}]}<\/script>\n<!-- \/ Yoast SEO plugin. -->","_links":{"self":[{"href":"https:\/\/www.next9.hu\/en\/wp-json\/wp\/v2\/pages\/13"}],"collection":[{"href":"https:\/\/www.next9.hu\/en\/wp-json\/wp\/v2\/pages"}],"about":[{"href":"https:\/\/www.next9.hu\/en\/wp-json\/wp\/v2\/types\/page"}],"author":[{"embeddable":true,"href":"https:\/\/www.next9.hu\/en\/wp-json\/wp\/v2\/users\/1"}],"replies":[{"embeddable":true,"href":"https:\/\/www.next9.hu\/en\/wp-json\/wp\/v2\/comments?post=13"}],"version-history":[{"count":4,"href":"https:\/\/www.next9.hu\/en\/wp-json\/wp\/v2\/pages\/13\/revisions"}],"predecessor-version":[{"id":1617,"href":"https:\/\/www.next9.hu\/en\/wp-json\/wp\/v2\/pages\/13\/revisions\/1617"}],"wp:attachment":[{"href":"https:\/\/www.next9.hu\/en\/wp-json\/wp\/v2\/media?parent=13"}],"curies":[{"name":"wp","href":"https:\/\/api.w.org\/{rel}","templated":true}]}}