{"id":482,"date":"2020-08-26T13:04:57","date_gmt":"2020-08-26T13:04:57","guid":{"rendered":"http:\/\/www.next9.hu\/?page_id=482"},"modified":"2021-03-22T16:53:16","modified_gmt":"2021-03-22T15:53:16","slug":"markakommunikacio","status":"publish","type":"page","link":"https:\/\/www.next9.hu\/en\/markakommunikacio\/","title":{"rendered":"Brand communication"},"content":{"rendered":"<p><em>Consumers like and choose brands they associate with values, or that express values consumers consider important. In terms of choosing, brands that assist and encourage their followers to bring the best out of themselves and care for their communities are at the forefront. Authentic communication and consumer experience are basic expectations.\u00a0<\/em><\/p>\r\n<p><em>Brand vision, brand values, target group insights, marketing strategy. You can position your brand with Next9. We create your marketing strategy for market entry or market repositioning. We are present from creating strategy to campaign implementation. We offer integrated, end-to-end communication solutions.\u00a0<\/em><\/p>\r\n\r\n<p>&nbsp;<\/p>","protected":false},"excerpt":{"rendered":"<p>Consumers like and choose brands they associate with values, or that express values consumers consider important. In terms of choosing, brands that assist and encourage their followers to bring the best out of themselves and care for their communities are at the forefront. Authentic communication and consumer experience are basic expectations.\u00a0 Brand vision, brand values, target group insights, marketing strategy. You can position your brand with Next9. We create your marketing strategy for market entry or market repositioning. We are present from creating strategy to campaign implementation. We offer integrated, end-to-end communication solutions.\u00a0 &nbsp;<\/p>\n","protected":false},"author":1,"featured_media":573,"parent":0,"menu_order":0,"comment_status":"closed","ping_status":"closed","template":"template-parts\/next9-services-4.php","meta":{"ngg_post_thumbnail":0},"yoast_head":"<!-- This site is optimized with the Yoast SEO plugin v15.8 - https:\/\/yoast.com\/wordpress\/plugins\/seo\/ -->\n<title>Brand communication - Next9 Communications<\/title>\n<meta name=\"description\" content=\"(Magyar) Poz\u00edcion\u00e1ljuk a m\u00e1rk\u00e1t \u00e9s elk\u00e9sz\u00edtj\u00fck a marketingstrat\u00e9gi\u00e1t ak\u00e1r piaci bevezet\u00e9sr\u0151l, ak\u00e1r \u00fajrapoz\u00edcion\u00e1l\u00e1sr\u00f3l legyen sz\u00f3.\" \/>\n<meta name=\"robots\" content=\"index, follow, max-snippet:-1, max-image-preview:large, max-video-preview:-1\" \/>\n<link rel=\"canonical\" href=\"https:\/\/www.next9.hu\/en\/markakommunikacio\/\" \/>\n<meta property=\"og:locale\" content=\"en_US\" \/>\n<meta property=\"og:type\" content=\"article\" \/>\n<meta property=\"og:title\" content=\"Brand communication - Next9 Communications\" \/>\n<meta property=\"og:description\" content=\"{:hu}{:hu}Poz\u00edcion\u00e1ljuk a m\u00e1rk\u00e1t \u00e9s elk\u00e9sz\u00edtj\u00fck a marketingstrat\u00e9gi\u00e1t ak\u00e1r piaci bevezet\u00e9sr\u0151l, ak\u00e1r \u00fajrapoz\u00edcion\u00e1l\u00e1sr\u00f3l legyen sz\u00f3.{:}{:}\" \/>\n<meta property=\"og:url\" content=\"https:\/\/www.next9.hu\/en\/markakommunikacio\/\" \/>\n<meta property=\"og:site_name\" content=\"Next9 Communications\" \/>\n<meta property=\"article:modified_time\" content=\"2021-03-22T15:53:16+00:00\" \/>\n<meta property=\"og:image\" content=\"https:\/\/www.next9.hu\/wp-content\/uploads\/2020\/09\/markakommunikacio_2-scaled.jpg\" \/>\n\t<meta property=\"og:image:width\" content=\"2560\" \/>\n\t<meta property=\"og:image:height\" content=\"1333\" \/>\n<meta name=\"twitter:card\" content=\"summary_large_image\" \/>\n<meta name=\"twitter:label1\" content=\"Est. reading time\">\n\t<meta name=\"twitter:data1\" content=\"1 minute\">\n<script type=\"application\/ld+json\" class=\"yoast-schema-graph\">{\"@context\":\"https:\/\/schema.org\",\"@graph\":[{\"@type\":\"WebSite\",\"@id\":\"https:\/\/www.next9.hu\/#website\",\"url\":\"https:\/\/www.next9.hu\/\",\"name\":\"Next9 Communications\",\"description\":\"A Next9 kommunik\\u00e1ci\\u00f3s, PR, content \\u00e9s branding \\u00fcgyn\\u00f6ks\\u00e9g, egy think-tank.   Egy alkot\\u00f3, kreat\\u00edv m\\u0171hely, ahol olyan \\u00f6tletek sz\\u00fcletnek, amelyek a XXI. sz\\u00e1zad kih\\u00edv\\u00e1sait figyelembe v\\u00e9ve v\\u00e1ltoztatj\\u00e1k meg a fogyaszt\\u00f3k, partnerek, munk\\u00e1ltat\\u00f3k \\u00e9s munkav\\u00e1llal\\u00f3k szok\\u00e1sait.\",\"potentialAction\":[{\"@type\":\"SearchAction\",\"target\":\"https:\/\/www.next9.hu\/?s={search_term_string}\",\"query-input\":\"required name=search_term_string\"}],\"inLanguage\":\"en-US\"},{\"@type\":\"ImageObject\",\"@id\":\"https:\/\/www.next9.hu\/en\/markakommunikacio\/#primaryimage\",\"inLanguage\":\"en-US\",\"url\":\"https:\/\/www.next9.hu\/wp-content\/uploads\/2020\/09\/markakommunikacio_2-scaled.jpg\",\"width\":2560,\"height\":1333},{\"@type\":\"WebPage\",\"@id\":\"https:\/\/www.next9.hu\/en\/markakommunikacio\/#webpage\",\"url\":\"https:\/\/www.next9.hu\/en\/markakommunikacio\/\",\"name\":\"Brand communication - Next9 Communications\",\"isPartOf\":{\"@id\":\"https:\/\/www.next9.hu\/#website\"},\"primaryImageOfPage\":{\"@id\":\"https:\/\/www.next9.hu\/en\/markakommunikacio\/#primaryimage\"},\"datePublished\":\"2020-08-26T13:04:57+00:00\",\"dateModified\":\"2021-03-22T15:53:16+00:00\",\"description\":\"{:hu}{:hu}Poz\\u00edcion\\u00e1ljuk a m\\u00e1rk\\u00e1t \\u00e9s elk\\u00e9sz\\u00edtj\\u00fck a marketingstrat\\u00e9gi\\u00e1t ak\\u00e1r piaci bevezet\\u00e9sr\\u0151l, ak\\u00e1r \\u00fajrapoz\\u00edcion\\u00e1l\\u00e1sr\\u00f3l legyen sz\\u00f3.{:}{:}\",\"breadcrumb\":{\"@id\":\"https:\/\/www.next9.hu\/en\/markakommunikacio\/#breadcrumb\"},\"inLanguage\":\"en-US\",\"potentialAction\":[{\"@type\":\"ReadAction\",\"target\":[\"https:\/\/www.next9.hu\/en\/markakommunikacio\/\"]}]},{\"@type\":\"BreadcrumbList\",\"@id\":\"https:\/\/www.next9.hu\/en\/markakommunikacio\/#breadcrumb\",\"itemListElement\":[{\"@type\":\"ListItem\",\"position\":1,\"item\":{\"@type\":\"WebPage\",\"@id\":\"https:\/\/www.next9.hu\/\",\"url\":\"https:\/\/www.next9.hu\/\",\"name\":\"Kezd\\u0151lap\"}},{\"@type\":\"ListItem\",\"position\":2,\"item\":{\"@type\":\"WebPage\",\"@id\":\"https:\/\/www.next9.hu\/en\/markakommunikacio\/\",\"url\":\"https:\/\/www.next9.hu\/en\/markakommunikacio\/\",\"name\":\"M\\u00e1rkakommunik\\u00e1ci\\u00f3\"}}]}]}<\/script>\n<!-- \/ Yoast SEO plugin. -->","_links":{"self":[{"href":"https:\/\/www.next9.hu\/en\/wp-json\/wp\/v2\/pages\/482"}],"collection":[{"href":"https:\/\/www.next9.hu\/en\/wp-json\/wp\/v2\/pages"}],"about":[{"href":"https:\/\/www.next9.hu\/en\/wp-json\/wp\/v2\/types\/page"}],"author":[{"embeddable":true,"href":"https:\/\/www.next9.hu\/en\/wp-json\/wp\/v2\/users\/1"}],"replies":[{"embeddable":true,"href":"https:\/\/www.next9.hu\/en\/wp-json\/wp\/v2\/comments?post=482"}],"version-history":[{"count":6,"href":"https:\/\/www.next9.hu\/en\/wp-json\/wp\/v2\/pages\/482\/revisions"}],"predecessor-version":[{"id":694,"href":"https:\/\/www.next9.hu\/en\/wp-json\/wp\/v2\/pages\/482\/revisions\/694"}],"wp:featuredmedia":[{"embeddable":true,"href":"https:\/\/www.next9.hu\/en\/wp-json\/wp\/v2\/media\/573"}],"wp:attachment":[{"href":"https:\/\/www.next9.hu\/en\/wp-json\/wp\/v2\/media?parent=482"}],"curies":[{"name":"wp","href":"https:\/\/api.w.org\/{rel}","templated":true}]}}