{"id":487,"date":"2020-08-26T13:06:58","date_gmt":"2020-08-26T13:06:58","guid":{"rendered":"http:\/\/www.next9.hu\/?page_id=487"},"modified":"2021-03-22T16:55:06","modified_gmt":"2021-03-22T15:55:06","slug":"storytelling-social-es-digitalis-media","status":"publish","type":"page","link":"https:\/\/www.next9.hu\/en\/storytelling-social-es-digitalis-media\/","title":{"rendered":"Storytelling &#8211; social and digital media"},"content":{"rendered":"<p><em>All stories are based on the same foundation: a great idea with a vision and promises added. Whichever industry we are talking about, all today&#8217;s leading companies have something in common: they have created a strong corporate or brand story. Next9 helps find and develop the company story and create its most tailor-made version for all channels and target groups. \u00a0<\/em><\/p>\r\n<p><em>In the past years, nearly all of us have become digital natives. That is why one of the foundations of our communication strategy is the data-driven approach of digital communication and social media. During our work, we combine creative content with the measurement method that has become essential by now, to effectively support the business goals of our partners and help determine or fine-tune the success of their brands. \u00a0<\/em><\/p>\r\n\r\n<p>&nbsp;<\/p>","protected":false},"excerpt":{"rendered":"<p>All stories are based on the same foundation: a great idea with a vision and promises added. Whichever industry we are talking about, all today&#8217;s leading companies have something in common: they have created a strong corporate or brand story. Next9 helps find and develop the company story and create its most tailor-made version for all channels and target groups. \u00a0 In the past years, nearly all of us have become digital natives. That is why one of the foundations of our communication strategy is the data-driven approach of digital communication and social media. During our work, we combine creative&#8230; <\/p>\n","protected":false},"author":1,"featured_media":513,"parent":0,"menu_order":0,"comment_status":"closed","ping_status":"closed","template":"template-parts\/next9-services-4.php","meta":{"ngg_post_thumbnail":0},"yoast_head":"<!-- This site is optimized with the Yoast SEO plugin v15.8 - https:\/\/yoast.com\/wordpress\/plugins\/seo\/ -->\n<title>Storytelling - social and digital media - Next9 Communications<\/title>\n<meta name=\"description\" content=\"(Magyar) Megfogalmazzuk a v\u00e1llalat vagy a m\u00e1rka sztorij\u00e1t, \u00e9s elk\u00e9sz\u00edtj\u00fck annak minden csatorn\u00e1ra \u00e9s c\u00e9lcsoportra szabott verzi\u00f3j\u00e1t.\" \/>\n<meta name=\"robots\" content=\"index, follow, max-snippet:-1, max-image-preview:large, max-video-preview:-1\" \/>\n<link rel=\"canonical\" href=\"https:\/\/www.next9.hu\/storytelling-social-es-digitalis-media\/\" \/>\n<meta property=\"og:locale\" content=\"en_US\" \/>\n<meta property=\"og:type\" content=\"article\" \/>\n<meta property=\"og:title\" content=\"Storytelling - social and digital media - Next9 Communications\" \/>\n<meta property=\"og:description\" content=\"{:hu}Megfogalmazzuk a v\u00e1llalat vagy a m\u00e1rka sztorij\u00e1t, \u00e9s elk\u00e9sz\u00edtj\u00fck annak minden csatorn\u00e1ra \u00e9s c\u00e9lcsoportra szabott verzi\u00f3j\u00e1t.{:}\" \/>\n<meta property=\"og:url\" content=\"https:\/\/www.next9.hu\/storytelling-social-es-digitalis-media\/\" \/>\n<meta property=\"og:site_name\" content=\"Next9 Communications\" \/>\n<meta property=\"article:modified_time\" content=\"2021-03-22T15:55:06+00:00\" \/>\n<meta property=\"og:image\" content=\"https:\/\/www.next9.hu\/wp-content\/uploads\/2020\/08\/services-back-social-scaled.jpg\" \/>\n\t<meta property=\"og:image:width\" content=\"2560\" \/>\n\t<meta property=\"og:image:height\" content=\"1333\" \/>\n<meta name=\"twitter:card\" content=\"summary_large_image\" \/>\n<meta name=\"twitter:label1\" content=\"Est. reading time\">\n\t<meta name=\"twitter:data1\" content=\"2 minutes\">\n<script type=\"application\/ld+json\" class=\"yoast-schema-graph\">{\"@context\":\"https:\/\/schema.org\",\"@graph\":[{\"@type\":\"WebSite\",\"@id\":\"https:\/\/www.next9.hu\/#website\",\"url\":\"https:\/\/www.next9.hu\/\",\"name\":\"Next9 Communications\",\"description\":\"A Next9 kommunik\\u00e1ci\\u00f3s, PR, content \\u00e9s branding \\u00fcgyn\\u00f6ks\\u00e9g, egy think-tank.   Egy alkot\\u00f3, kreat\\u00edv m\\u0171hely, ahol olyan \\u00f6tletek sz\\u00fcletnek, amelyek a XXI. sz\\u00e1zad kih\\u00edv\\u00e1sait figyelembe v\\u00e9ve v\\u00e1ltoztatj\\u00e1k meg a fogyaszt\\u00f3k, partnerek, munk\\u00e1ltat\\u00f3k \\u00e9s munkav\\u00e1llal\\u00f3k szok\\u00e1sait.\",\"potentialAction\":[{\"@type\":\"SearchAction\",\"target\":\"https:\/\/www.next9.hu\/?s={search_term_string}\",\"query-input\":\"required name=search_term_string\"}],\"inLanguage\":\"en-US\"},{\"@type\":\"ImageObject\",\"@id\":\"https:\/\/www.next9.hu\/storytelling-social-es-digitalis-media\/#primaryimage\",\"inLanguage\":\"en-US\",\"url\":\"https:\/\/www.next9.hu\/wp-content\/uploads\/2020\/08\/services-back-social-scaled.jpg\",\"width\":2560,\"height\":1333},{\"@type\":\"WebPage\",\"@id\":\"https:\/\/www.next9.hu\/storytelling-social-es-digitalis-media\/#webpage\",\"url\":\"https:\/\/www.next9.hu\/storytelling-social-es-digitalis-media\/\",\"name\":\"Storytelling - social and digital media - Next9 Communications\",\"isPartOf\":{\"@id\":\"https:\/\/www.next9.hu\/#website\"},\"primaryImageOfPage\":{\"@id\":\"https:\/\/www.next9.hu\/storytelling-social-es-digitalis-media\/#primaryimage\"},\"datePublished\":\"2020-08-26T13:06:58+00:00\",\"dateModified\":\"2021-03-22T15:55:06+00:00\",\"description\":\"{:hu}Megfogalmazzuk a v\\u00e1llalat vagy a m\\u00e1rka sztorij\\u00e1t, \\u00e9s elk\\u00e9sz\\u00edtj\\u00fck annak minden csatorn\\u00e1ra \\u00e9s c\\u00e9lcsoportra szabott verzi\\u00f3j\\u00e1t.{:}\",\"breadcrumb\":{\"@id\":\"https:\/\/www.next9.hu\/storytelling-social-es-digitalis-media\/#breadcrumb\"},\"inLanguage\":\"en-US\",\"potentialAction\":[{\"@type\":\"ReadAction\",\"target\":[\"https:\/\/www.next9.hu\/storytelling-social-es-digitalis-media\/\"]}]},{\"@type\":\"BreadcrumbList\",\"@id\":\"https:\/\/www.next9.hu\/storytelling-social-es-digitalis-media\/#breadcrumb\",\"itemListElement\":[{\"@type\":\"ListItem\",\"position\":1,\"item\":{\"@type\":\"WebPage\",\"@id\":\"https:\/\/www.next9.hu\/\",\"url\":\"https:\/\/www.next9.hu\/\",\"name\":\"Kezd\\u0151lap\"}},{\"@type\":\"ListItem\",\"position\":2,\"item\":{\"@type\":\"WebPage\",\"@id\":\"https:\/\/www.next9.hu\/storytelling-social-es-digitalis-media\/\",\"url\":\"https:\/\/www.next9.hu\/storytelling-social-es-digitalis-media\/\",\"name\":\"Storytelling \\u2013 social \\u00e9s digit\\u00e1lis m\\u00e9dia\"}}]}]}<\/script>\n<!-- \/ Yoast SEO plugin. -->","_links":{"self":[{"href":"https:\/\/www.next9.hu\/en\/wp-json\/wp\/v2\/pages\/487"}],"collection":[{"href":"https:\/\/www.next9.hu\/en\/wp-json\/wp\/v2\/pages"}],"about":[{"href":"https:\/\/www.next9.hu\/en\/wp-json\/wp\/v2\/types\/page"}],"author":[{"embeddable":true,"href":"https:\/\/www.next9.hu\/en\/wp-json\/wp\/v2\/users\/1"}],"replies":[{"embeddable":true,"href":"https:\/\/www.next9.hu\/en\/wp-json\/wp\/v2\/comments?post=487"}],"version-history":[{"count":6,"href":"https:\/\/www.next9.hu\/en\/wp-json\/wp\/v2\/pages\/487\/revisions"}],"predecessor-version":[{"id":698,"href":"https:\/\/www.next9.hu\/en\/wp-json\/wp\/v2\/pages\/487\/revisions\/698"}],"wp:featuredmedia":[{"embeddable":true,"href":"https:\/\/www.next9.hu\/en\/wp-json\/wp\/v2\/media\/513"}],"wp:attachment":[{"href":"https:\/\/www.next9.hu\/en\/wp-json\/wp\/v2\/media?parent=487"}],"curies":[{"name":"wp","href":"https:\/\/api.w.org\/{rel}","templated":true}]}}